{"id":13,"date":"2023-09-29T13:18:17","date_gmt":"2023-09-29T16:18:17","guid":{"rendered":"https:\/\/www.contarebrincaresocomecar.com.br\/loja\/minha-conta\/"},"modified":"2023-09-29T20:44:26","modified_gmt":"2023-09-29T23:44:26","slug":"minha-conta","status":"publish","type":"page","link":"https:\/\/www.contarebrincaresocomecar.com.br\/loja\/minha-conta\/","title":{"rendered":"MINHA CONTA"},"content":{"rendered":"<div class=\"woocommerce\"><\/div>\n","protected":false},"excerpt":{"rendered":"","protected":false},"author":3,"featured_media":0,"parent":0,"menu_order":0,"comment_status":"closed","ping_status":"closed","template":"","meta":{"footnotes":""},"class_list":["post-13","page","type-page","status-publish","hentry"],"yoast_head":"<!-- This site is optimized with the Yoast SEO plugin v27.4 - https:\/\/yoast.com\/product\/yoast-seo-wordpress\/ -->\n<title>MINHA CONTA - Contar e Brincar \u00e9 s\u00f3 Come\u00e7ar<\/title>\n<meta name=\"robots\" content=\"index, follow, max-snippet:-1, max-image-preview:large, max-video-preview:-1\" \/>\n<link rel=\"canonical\" href=\"https:\/\/www.contarebrincaresocomecar.com.br\/loja\/minha-conta\/\" \/>\n<meta property=\"og:locale\" content=\"pt_BR\" \/>\n<meta property=\"og:type\" content=\"article\" \/>\n<meta property=\"og:title\" content=\"MINHA CONTA - Contar e Brincar \u00e9 s\u00f3 Come\u00e7ar\" \/>\n<meta property=\"og:url\" content=\"https:\/\/www.contarebrincaresocomecar.com.br\/loja\/minha-conta\/\" \/>\n<meta property=\"og:site_name\" content=\"Contar e Brincar \u00e9 s\u00f3 Come\u00e7ar\" \/>\n<meta property=\"article:modified_time\" content=\"2023-09-29T23:44:26+00:00\" \/>\n<meta name=\"twitter:card\" content=\"summary_large_image\" \/>\n<script type=\"application\/ld+json\" class=\"yoast-schema-graph\">{\"@context\":\"https:\\\/\\\/schema.org\",\"@graph\":[{\"@type\":\"WebPage\",\"@id\":\"https:\\\/\\\/www.contarebrincaresocomecar.com.br\\\/loja\\\/minha-conta\\\/\",\"url\":\"https:\\\/\\\/www.contarebrincaresocomecar.com.br\\\/loja\\\/minha-conta\\\/\",\"name\":\"MINHA CONTA - Contar e Brincar \u00e9 s\u00f3 Come\u00e7ar\",\"isPartOf\":{\"@id\":\"https:\\\/\\\/www.contarebrincaresocomecar.com.br\\\/loja\\\/#website\"},\"datePublished\":\"2023-09-29T16:18:17+00:00\",\"dateModified\":\"2023-09-29T23:44:26+00:00\",\"breadcrumb\":{\"@id\":\"https:\\\/\\\/www.contarebrincaresocomecar.com.br\\\/loja\\\/minha-conta\\\/#breadcrumb\"},\"inLanguage\":\"pt-BR\",\"potentialAction\":[{\"@type\":\"ReadAction\",\"target\":[\"https:\\\/\\\/www.contarebrincaresocomecar.com.br\\\/loja\\\/minha-conta\\\/\"]}]},{\"@type\":\"BreadcrumbList\",\"@id\":\"https:\\\/\\\/www.contarebrincaresocomecar.com.br\\\/loja\\\/minha-conta\\\/#breadcrumb\",\"itemListElement\":[{\"@type\":\"ListItem\",\"position\":1,\"name\":\"In\u00edcio\",\"item\":\"https:\\\/\\\/www.contarebrincaresocomecar.com.br\\\/loja\\\/\"},{\"@type\":\"ListItem\",\"position\":2,\"name\":\"MINHA CONTA\"}]},{\"@type\":\"WebSite\",\"@id\":\"https:\\\/\\\/www.contarebrincaresocomecar.com.br\\\/loja\\\/#website\",\"url\":\"https:\\\/\\\/www.contarebrincaresocomecar.com.br\\\/loja\\\/\",\"name\":\"Contar e Brincar \u00e9 s\u00f3 Come\u00e7ar\",\"description\":\"\",\"potentialAction\":[{\"@type\":\"SearchAction\",\"target\":{\"@type\":\"EntryPoint\",\"urlTemplate\":\"https:\\\/\\\/www.contarebrincaresocomecar.com.br\\\/loja\\\/?s={search_term_string}\"},\"query-input\":{\"@type\":\"PropertyValueSpecification\",\"valueRequired\":true,\"valueName\":\"search_term_string\"}}],\"inLanguage\":\"pt-BR\"}]}<\/script>\n<!-- \/ Yoast SEO plugin. -->","yoast_head_json":{"title":"MINHA CONTA - Contar e Brincar \u00e9 s\u00f3 Come\u00e7ar","robots":{"index":"index","follow":"follow","max-snippet":"max-snippet:-1","max-image-preview":"max-image-preview:large","max-video-preview":"max-video-preview:-1"},"canonical":"https:\/\/www.contarebrincaresocomecar.com.br\/loja\/minha-conta\/","og_locale":"pt_BR","og_type":"article","og_title":"MINHA CONTA - Contar e Brincar \u00e9 s\u00f3 Come\u00e7ar","og_url":"https:\/\/www.contarebrincaresocomecar.com.br\/loja\/minha-conta\/","og_site_name":"Contar e Brincar \u00e9 s\u00f3 Come\u00e7ar","article_modified_time":"2023-09-29T23:44:26+00:00","twitter_card":"summary_large_image","schema":{"@context":"https:\/\/schema.org","@graph":[{"@type":"WebPage","@id":"https:\/\/www.contarebrincaresocomecar.com.br\/loja\/minha-conta\/","url":"https:\/\/www.contarebrincaresocomecar.com.br\/loja\/minha-conta\/","name":"MINHA CONTA - Contar e Brincar \u00e9 s\u00f3 Come\u00e7ar","isPartOf":{"@id":"https:\/\/www.contarebrincaresocomecar.com.br\/loja\/#website"},"datePublished":"2023-09-29T16:18:17+00:00","dateModified":"2023-09-29T23:44:26+00:00","breadcrumb":{"@id":"https:\/\/www.contarebrincaresocomecar.com.br\/loja\/minha-conta\/#breadcrumb"},"inLanguage":"pt-BR","potentialAction":[{"@type":"ReadAction","target":["https:\/\/www.contarebrincaresocomecar.com.br\/loja\/minha-conta\/"]}]},{"@type":"BreadcrumbList","@id":"https:\/\/www.contarebrincaresocomecar.com.br\/loja\/minha-conta\/#breadcrumb","itemListElement":[{"@type":"ListItem","position":1,"name":"In\u00edcio","item":"https:\/\/www.contarebrincaresocomecar.com.br\/loja\/"},{"@type":"ListItem","position":2,"name":"MINHA CONTA"}]},{"@type":"WebSite","@id":"https:\/\/www.contarebrincaresocomecar.com.br\/loja\/#website","url":"https:\/\/www.contarebrincaresocomecar.com.br\/loja\/","name":"Contar e Brincar \u00e9 s\u00f3 Come\u00e7ar","description":"","potentialAction":[{"@type":"SearchAction","target":{"@type":"EntryPoint","urlTemplate":"https:\/\/www.contarebrincaresocomecar.com.br\/loja\/?s={search_term_string}"},"query-input":{"@type":"PropertyValueSpecification","valueRequired":true,"valueName":"search_term_string"}}],"inLanguage":"pt-BR"}]}},"_links":{"self":[{"href":"https:\/\/www.contarebrincaresocomecar.com.br\/loja\/wp-json\/wp\/v2\/pages\/13","targetHints":{"allow":["GET"]}}],"collection":[{"href":"https:\/\/www.contarebrincaresocomecar.com.br\/loja\/wp-json\/wp\/v2\/pages"}],"about":[{"href":"https:\/\/www.contarebrincaresocomecar.com.br\/loja\/wp-json\/wp\/v2\/types\/page"}],"author":[{"embeddable":true,"href":"https:\/\/www.contarebrincaresocomecar.com.br\/loja\/wp-json\/wp\/v2\/users\/3"}],"replies":[{"embeddable":true,"href":"https:\/\/www.contarebrincaresocomecar.com.br\/loja\/wp-json\/wp\/v2\/comments?post=13"}],"version-history":[{"count":0,"href":"https:\/\/www.contarebrincaresocomecar.com.br\/loja\/wp-json\/wp\/v2\/pages\/13\/revisions"}],"wp:attachment":[{"href":"https:\/\/www.contarebrincaresocomecar.com.br\/loja\/wp-json\/wp\/v2\/media?parent=13"}],"curies":[{"name":"wp","href":"https:\/\/api.w.org\/{rel}","templated":true}]}}