{"id":16029,"date":"2026-01-07T20:58:04","date_gmt":"2026-01-07T23:58:04","guid":{"rendered":"https:\/\/www.contarebrincaresocomecar.com.br\/loja\/?post_type=product&#038;p=16029"},"modified":"2026-03-05T22:10:29","modified_gmt":"2026-03-06T01:10:29","slug":"o-sapo-que-nao-lavava-o-pe","status":"publish","type":"product","link":"https:\/\/www.contarebrincaresocomecar.com.br\/loja\/produto\/o-sapo-que-nao-lavava-o-pe\/","title":{"rendered":"O sapo que n\u00e3o lavava o p\u00e9"},"content":{"rendered":"","protected":false},"excerpt":{"rendered":"<p>Sapeca \u00e9 um sapo alegre, divertido&#8230; e bem teimoso! Enquanto todos na lagoa cuidam da higiene, ele simplesmente se recusa a lavar os p\u00e9s \u2014 afinal, brincar na lama \u00e9 muito mais divertido!<br \/>\nMas tudo muda quando uma sapinha muito especial aparece e faz Sapeca repensar seus h\u00e1bitos.<\/p>\n<p>Uma hist\u00f3ria cheia de humor, encantamento e uma li\u00e7\u00e3o importante sobre autocuidado, contada de forma leve, divertida e com ilustra\u00e7\u00f5es que saltam das p\u00e1ginas!<\/p>\n","protected":false},"featured_media":16107,"template":"","meta":[],"product_brand":[],"product_cat":[20],"product_tag":[],"class_list":{"0":"post-16029","1":"product","2":"type-product","3":"status-publish","4":"has-post-thumbnail","6":"product_cat-e-books","8":"first","9":"instock","10":"downloadable","11":"virtual","12":"purchasable","13":"product-type-simple"},"yoast_head":"<!-- This site is optimized with the Yoast SEO plugin v27.4 - https:\/\/yoast.com\/product\/yoast-seo-wordpress\/ -->\n<title>O sapo que n\u00e3o lavava o p\u00e9 - Contar e Brincar \u00e9 s\u00f3 Come\u00e7ar<\/title>\n<meta name=\"robots\" content=\"index, follow, max-snippet:-1, max-image-preview:large, max-video-preview:-1\" \/>\n<link rel=\"canonical\" href=\"https:\/\/www.contarebrincaresocomecar.com.br\/loja\/produto\/o-sapo-que-nao-lavava-o-pe\/\" \/>\n<meta property=\"og:locale\" content=\"pt_BR\" \/>\n<meta property=\"og:type\" content=\"article\" \/>\n<meta property=\"og:title\" content=\"O sapo que n\u00e3o lavava o p\u00e9 - Contar e Brincar \u00e9 s\u00f3 Come\u00e7ar\" \/>\n<meta property=\"og:description\" content=\"Sapeca \u00e9 um sapo alegre, divertido... e bem teimoso! Enquanto todos na lagoa cuidam da higiene, ele simplesmente se recusa a lavar os p\u00e9s \u2014 afinal, brincar na lama \u00e9 muito mais divertido! Mas tudo muda quando uma sapinha muito especial aparece e faz Sapeca repensar seus h\u00e1bitos.  Uma hist\u00f3ria cheia de humor, encantamento e uma li\u00e7\u00e3o importante sobre autocuidado, contada de forma leve, divertida e com ilustra\u00e7\u00f5es que saltam das p\u00e1ginas!\" \/>\n<meta property=\"og:url\" content=\"https:\/\/www.contarebrincaresocomecar.com.br\/loja\/produto\/o-sapo-que-nao-lavava-o-pe\/\" \/>\n<meta property=\"og:site_name\" content=\"Contar e Brincar \u00e9 s\u00f3 Come\u00e7ar\" \/>\n<meta property=\"article:modified_time\" content=\"2026-03-06T01:10:29+00:00\" \/>\n<meta property=\"og:image\" content=\"https:\/\/www.contarebrincaresocomecar.com.br\/loja\/wp-content\/uploads\/2026\/01\/WhatsApp-Image-2026-03-05-at-21.14.33-4.jpeg\" \/>\n\t<meta property=\"og:image:width\" content=\"1024\" \/>\n\t<meta property=\"og:image:height\" content=\"1024\" \/>\n\t<meta property=\"og:image:type\" content=\"image\/jpeg\" \/>\n<meta name=\"twitter:card\" content=\"summary_large_image\" \/>\n<meta name=\"twitter:label1\" content=\"Est. tempo de leitura\" \/>\n\t<meta name=\"twitter:data1\" content=\"1 minuto\" \/>\n<script type=\"application\/ld+json\" class=\"yoast-schema-graph\">{\"@context\":\"https:\\\/\\\/schema.org\",\"@graph\":[{\"@type\":\"WebPage\",\"@id\":\"https:\\\/\\\/www.contarebrincaresocomecar.com.br\\\/loja\\\/produto\\\/o-sapo-que-nao-lavava-o-pe\\\/\",\"url\":\"https:\\\/\\\/www.contarebrincaresocomecar.com.br\\\/loja\\\/produto\\\/o-sapo-que-nao-lavava-o-pe\\\/\",\"name\":\"O sapo que n\u00e3o lavava o p\u00e9 - Contar e Brincar \u00e9 s\u00f3 Come\u00e7ar\",\"isPartOf\":{\"@id\":\"https:\\\/\\\/www.contarebrincaresocomecar.com.br\\\/loja\\\/#website\"},\"primaryImageOfPage\":{\"@id\":\"https:\\\/\\\/www.contarebrincaresocomecar.com.br\\\/loja\\\/produto\\\/o-sapo-que-nao-lavava-o-pe\\\/#primaryimage\"},\"image\":{\"@id\":\"https:\\\/\\\/www.contarebrincaresocomecar.com.br\\\/loja\\\/produto\\\/o-sapo-que-nao-lavava-o-pe\\\/#primaryimage\"},\"thumbnailUrl\":\"https:\\\/\\\/www.contarebrincaresocomecar.com.br\\\/loja\\\/wp-content\\\/uploads\\\/2026\\\/01\\\/WhatsApp-Image-2026-03-05-at-21.14.33-4.jpeg\",\"datePublished\":\"2026-01-07T23:58:04+00:00\",\"dateModified\":\"2026-03-06T01:10:29+00:00\",\"breadcrumb\":{\"@id\":\"https:\\\/\\\/www.contarebrincaresocomecar.com.br\\\/loja\\\/produto\\\/o-sapo-que-nao-lavava-o-pe\\\/#breadcrumb\"},\"inLanguage\":\"pt-BR\",\"potentialAction\":[{\"@type\":\"ReadAction\",\"target\":[\"https:\\\/\\\/www.contarebrincaresocomecar.com.br\\\/loja\\\/produto\\\/o-sapo-que-nao-lavava-o-pe\\\/\"]}]},{\"@type\":\"ImageObject\",\"inLanguage\":\"pt-BR\",\"@id\":\"https:\\\/\\\/www.contarebrincaresocomecar.com.br\\\/loja\\\/produto\\\/o-sapo-que-nao-lavava-o-pe\\\/#primaryimage\",\"url\":\"https:\\\/\\\/www.contarebrincaresocomecar.com.br\\\/loja\\\/wp-content\\\/uploads\\\/2026\\\/01\\\/WhatsApp-Image-2026-03-05-at-21.14.33-4.jpeg\",\"contentUrl\":\"https:\\\/\\\/www.contarebrincaresocomecar.com.br\\\/loja\\\/wp-content\\\/uploads\\\/2026\\\/01\\\/WhatsApp-Image-2026-03-05-at-21.14.33-4.jpeg\",\"width\":1024,\"height\":1024},{\"@type\":\"BreadcrumbList\",\"@id\":\"https:\\\/\\\/www.contarebrincaresocomecar.com.br\\\/loja\\\/produto\\\/o-sapo-que-nao-lavava-o-pe\\\/#breadcrumb\",\"itemListElement\":[{\"@type\":\"ListItem\",\"position\":1,\"name\":\"In\u00edcio\",\"item\":\"https:\\\/\\\/www.contarebrincaresocomecar.com.br\\\/loja\\\/\"},{\"@type\":\"ListItem\",\"position\":2,\"name\":\"LOJA\",\"item\":\"https:\\\/\\\/www.contarebrincaresocomecar.com.br\\\/loja\\\/\"},{\"@type\":\"ListItem\",\"position\":3,\"name\":\"O sapo que n\u00e3o lavava o p\u00e9\"}]},{\"@type\":\"WebSite\",\"@id\":\"https:\\\/\\\/www.contarebrincaresocomecar.com.br\\\/loja\\\/#website\",\"url\":\"https:\\\/\\\/www.contarebrincaresocomecar.com.br\\\/loja\\\/\",\"name\":\"Contar e Brincar \u00e9 s\u00f3 Come\u00e7ar\",\"description\":\"\",\"potentialAction\":[{\"@type\":\"SearchAction\",\"target\":{\"@type\":\"EntryPoint\",\"urlTemplate\":\"https:\\\/\\\/www.contarebrincaresocomecar.com.br\\\/loja\\\/?s={search_term_string}\"},\"query-input\":{\"@type\":\"PropertyValueSpecification\",\"valueRequired\":true,\"valueName\":\"search_term_string\"}}],\"inLanguage\":\"pt-BR\"}]}<\/script>\n<!-- \/ Yoast SEO plugin. -->","yoast_head_json":{"title":"O sapo que n\u00e3o lavava o p\u00e9 - Contar e Brincar \u00e9 s\u00f3 Come\u00e7ar","robots":{"index":"index","follow":"follow","max-snippet":"max-snippet:-1","max-image-preview":"max-image-preview:large","max-video-preview":"max-video-preview:-1"},"canonical":"https:\/\/www.contarebrincaresocomecar.com.br\/loja\/produto\/o-sapo-que-nao-lavava-o-pe\/","og_locale":"pt_BR","og_type":"article","og_title":"O sapo que n\u00e3o lavava o p\u00e9 - Contar e Brincar \u00e9 s\u00f3 Come\u00e7ar","og_description":"Sapeca \u00e9 um sapo alegre, divertido... e bem teimoso! Enquanto todos na lagoa cuidam da higiene, ele simplesmente se recusa a lavar os p\u00e9s \u2014 afinal, brincar na lama \u00e9 muito mais divertido! Mas tudo muda quando uma sapinha muito especial aparece e faz Sapeca repensar seus h\u00e1bitos.  Uma hist\u00f3ria cheia de humor, encantamento e uma li\u00e7\u00e3o importante sobre autocuidado, contada de forma leve, divertida e com ilustra\u00e7\u00f5es que saltam das p\u00e1ginas!","og_url":"https:\/\/www.contarebrincaresocomecar.com.br\/loja\/produto\/o-sapo-que-nao-lavava-o-pe\/","og_site_name":"Contar e Brincar \u00e9 s\u00f3 Come\u00e7ar","article_modified_time":"2026-03-06T01:10:29+00:00","og_image":[{"width":1024,"height":1024,"url":"https:\/\/www.contarebrincaresocomecar.com.br\/loja\/wp-content\/uploads\/2026\/01\/WhatsApp-Image-2026-03-05-at-21.14.33-4.jpeg","type":"image\/jpeg"}],"twitter_card":"summary_large_image","twitter_misc":{"Est. tempo de leitura":"1 minuto"},"schema":{"@context":"https:\/\/schema.org","@graph":[{"@type":"WebPage","@id":"https:\/\/www.contarebrincaresocomecar.com.br\/loja\/produto\/o-sapo-que-nao-lavava-o-pe\/","url":"https:\/\/www.contarebrincaresocomecar.com.br\/loja\/produto\/o-sapo-que-nao-lavava-o-pe\/","name":"O sapo que n\u00e3o lavava o p\u00e9 - Contar e Brincar \u00e9 s\u00f3 Come\u00e7ar","isPartOf":{"@id":"https:\/\/www.contarebrincaresocomecar.com.br\/loja\/#website"},"primaryImageOfPage":{"@id":"https:\/\/www.contarebrincaresocomecar.com.br\/loja\/produto\/o-sapo-que-nao-lavava-o-pe\/#primaryimage"},"image":{"@id":"https:\/\/www.contarebrincaresocomecar.com.br\/loja\/produto\/o-sapo-que-nao-lavava-o-pe\/#primaryimage"},"thumbnailUrl":"https:\/\/www.contarebrincaresocomecar.com.br\/loja\/wp-content\/uploads\/2026\/01\/WhatsApp-Image-2026-03-05-at-21.14.33-4.jpeg","datePublished":"2026-01-07T23:58:04+00:00","dateModified":"2026-03-06T01:10:29+00:00","breadcrumb":{"@id":"https:\/\/www.contarebrincaresocomecar.com.br\/loja\/produto\/o-sapo-que-nao-lavava-o-pe\/#breadcrumb"},"inLanguage":"pt-BR","potentialAction":[{"@type":"ReadAction","target":["https:\/\/www.contarebrincaresocomecar.com.br\/loja\/produto\/o-sapo-que-nao-lavava-o-pe\/"]}]},{"@type":"ImageObject","inLanguage":"pt-BR","@id":"https:\/\/www.contarebrincaresocomecar.com.br\/loja\/produto\/o-sapo-que-nao-lavava-o-pe\/#primaryimage","url":"https:\/\/www.contarebrincaresocomecar.com.br\/loja\/wp-content\/uploads\/2026\/01\/WhatsApp-Image-2026-03-05-at-21.14.33-4.jpeg","contentUrl":"https:\/\/www.contarebrincaresocomecar.com.br\/loja\/wp-content\/uploads\/2026\/01\/WhatsApp-Image-2026-03-05-at-21.14.33-4.jpeg","width":1024,"height":1024},{"@type":"BreadcrumbList","@id":"https:\/\/www.contarebrincaresocomecar.com.br\/loja\/produto\/o-sapo-que-nao-lavava-o-pe\/#breadcrumb","itemListElement":[{"@type":"ListItem","position":1,"name":"In\u00edcio","item":"https:\/\/www.contarebrincaresocomecar.com.br\/loja\/"},{"@type":"ListItem","position":2,"name":"LOJA","item":"https:\/\/www.contarebrincaresocomecar.com.br\/loja\/"},{"@type":"ListItem","position":3,"name":"O sapo que n\u00e3o lavava o p\u00e9"}]},{"@type":"WebSite","@id":"https:\/\/www.contarebrincaresocomecar.com.br\/loja\/#website","url":"https:\/\/www.contarebrincaresocomecar.com.br\/loja\/","name":"Contar e Brincar \u00e9 s\u00f3 Come\u00e7ar","description":"","potentialAction":[{"@type":"SearchAction","target":{"@type":"EntryPoint","urlTemplate":"https:\/\/www.contarebrincaresocomecar.com.br\/loja\/?s={search_term_string}"},"query-input":{"@type":"PropertyValueSpecification","valueRequired":true,"valueName":"search_term_string"}}],"inLanguage":"pt-BR"}]}},"_links":{"self":[{"href":"https:\/\/www.contarebrincaresocomecar.com.br\/loja\/wp-json\/wp\/v2\/product\/16029","targetHints":{"allow":["GET"]}}],"collection":[{"href":"https:\/\/www.contarebrincaresocomecar.com.br\/loja\/wp-json\/wp\/v2\/product"}],"about":[{"href":"https:\/\/www.contarebrincaresocomecar.com.br\/loja\/wp-json\/wp\/v2\/types\/product"}],"version-history":[{"count":4,"href":"https:\/\/www.contarebrincaresocomecar.com.br\/loja\/wp-json\/wp\/v2\/product\/16029\/revisions"}],"predecessor-version":[{"id":16047,"href":"https:\/\/www.contarebrincaresocomecar.com.br\/loja\/wp-json\/wp\/v2\/product\/16029\/revisions\/16047"}],"wp:featuredmedia":[{"embeddable":true,"href":"https:\/\/www.contarebrincaresocomecar.com.br\/loja\/wp-json\/wp\/v2\/media\/16107"}],"wp:attachment":[{"href":"https:\/\/www.contarebrincaresocomecar.com.br\/loja\/wp-json\/wp\/v2\/media?parent=16029"}],"wp:term":[{"taxonomy":"product_brand","embeddable":true,"href":"https:\/\/www.contarebrincaresocomecar.com.br\/loja\/wp-json\/wp\/v2\/product_brand?post=16029"},{"taxonomy":"product_cat","embeddable":true,"href":"https:\/\/www.contarebrincaresocomecar.com.br\/loja\/wp-json\/wp\/v2\/product_cat?post=16029"},{"taxonomy":"product_tag","embeddable":true,"href":"https:\/\/www.contarebrincaresocomecar.com.br\/loja\/wp-json\/wp\/v2\/product_tag?post=16029"}],"curies":[{"name":"wp","href":"https:\/\/api.w.org\/{rel}","templated":true}]}}