{"id":16042,"date":"2026-01-07T21:09:55","date_gmt":"2026-01-08T00:09:55","guid":{"rendered":"https:\/\/www.contarebrincaresocomecar.com.br\/loja\/?post_type=product&#038;p=16042"},"modified":"2026-04-10T19:56:51","modified_gmt":"2026-04-10T22:56:51","slug":"bosque-da-amizade-celebrando-a-diversidade","status":"publish","type":"product","link":"https:\/\/www.contarebrincaresocomecar.com.br\/loja\/produto\/bosque-da-amizade-celebrando-a-diversidade\/","title":{"rendered":"Bosque da amizade &#8211; Celebrando a diversidade"},"content":{"rendered":"","protected":false},"excerpt":{"rendered":"<p>&nbsp;<\/p>\n<p>Descubra o encantador Bosque da amizade: celebrando a diversidade!<\/p>\n<p>Venha se encantar com uma hist\u00f3ria cheia de magia, amizade e inclus\u00e3o! No cora\u00e7\u00e3o de uma floresta encantada, encontra-se o Bosque da amizade, onde todos os animais, grandes e pequenos, se re\u00fanem para compartilhar momentos especiais.<\/p>\n","protected":false},"featured_media":16105,"template":"","meta":[],"product_brand":[],"product_cat":[20],"product_tag":[],"class_list":{"0":"post-16042","1":"product","2":"type-product","3":"status-publish","4":"has-post-thumbnail","6":"product_cat-e-books","8":"first","9":"instock","10":"downloadable","11":"virtual","12":"purchasable","13":"product-type-simple"},"yoast_head":"<!-- This site is optimized with the Yoast SEO plugin v27.4 - https:\/\/yoast.com\/product\/yoast-seo-wordpress\/ -->\n<title>Bosque da amizade - Celebrando a diversidade - Contar e Brincar \u00e9 s\u00f3 Come\u00e7ar<\/title>\n<meta name=\"robots\" content=\"index, follow, max-snippet:-1, max-image-preview:large, max-video-preview:-1\" \/>\n<link rel=\"canonical\" href=\"https:\/\/www.contarebrincaresocomecar.com.br\/loja\/produto\/bosque-da-amizade-celebrando-a-diversidade\/\" \/>\n<meta property=\"og:locale\" content=\"pt_BR\" \/>\n<meta property=\"og:type\" content=\"article\" \/>\n<meta property=\"og:title\" content=\"Bosque da amizade - Celebrando a diversidade - Contar e Brincar \u00e9 s\u00f3 Come\u00e7ar\" \/>\n<meta property=\"og:description\" content=\"&nbsp;  Descubra o encantador Bosque da amizade: celebrando a diversidade!  Venha se encantar com uma hist\u00f3ria cheia de magia, amizade e inclus\u00e3o! No cora\u00e7\u00e3o de uma floresta encantada, encontra-se o Bosque da amizade, onde todos os animais, grandes e pequenos, se re\u00fanem para compartilhar momentos especiais.\" \/>\n<meta property=\"og:url\" content=\"https:\/\/www.contarebrincaresocomecar.com.br\/loja\/produto\/bosque-da-amizade-celebrando-a-diversidade\/\" \/>\n<meta property=\"og:site_name\" content=\"Contar e Brincar \u00e9 s\u00f3 Come\u00e7ar\" \/>\n<meta property=\"article:modified_time\" content=\"2026-04-10T22:56:51+00:00\" \/>\n<meta property=\"og:image\" content=\"https:\/\/www.contarebrincaresocomecar.com.br\/loja\/wp-content\/uploads\/2026\/01\/WhatsApp-Image-2026-03-05-at-21.14.33-3.jpeg\" \/>\n\t<meta property=\"og:image:width\" content=\"1024\" \/>\n\t<meta property=\"og:image:height\" content=\"1024\" \/>\n\t<meta property=\"og:image:type\" content=\"image\/jpeg\" \/>\n<meta name=\"twitter:card\" content=\"summary_large_image\" \/>\n<meta name=\"twitter:label1\" content=\"Est. tempo de leitura\" \/>\n\t<meta name=\"twitter:data1\" content=\"1 minuto\" \/>\n<script type=\"application\/ld+json\" class=\"yoast-schema-graph\">{\"@context\":\"https:\\\/\\\/schema.org\",\"@graph\":[{\"@type\":\"WebPage\",\"@id\":\"https:\\\/\\\/www.contarebrincaresocomecar.com.br\\\/loja\\\/produto\\\/bosque-da-amizade-celebrando-a-diversidade\\\/\",\"url\":\"https:\\\/\\\/www.contarebrincaresocomecar.com.br\\\/loja\\\/produto\\\/bosque-da-amizade-celebrando-a-diversidade\\\/\",\"name\":\"Bosque da amizade - Celebrando a diversidade - Contar e Brincar \u00e9 s\u00f3 Come\u00e7ar\",\"isPartOf\":{\"@id\":\"https:\\\/\\\/www.contarebrincaresocomecar.com.br\\\/loja\\\/#website\"},\"primaryImageOfPage\":{\"@id\":\"https:\\\/\\\/www.contarebrincaresocomecar.com.br\\\/loja\\\/produto\\\/bosque-da-amizade-celebrando-a-diversidade\\\/#primaryimage\"},\"image\":{\"@id\":\"https:\\\/\\\/www.contarebrincaresocomecar.com.br\\\/loja\\\/produto\\\/bosque-da-amizade-celebrando-a-diversidade\\\/#primaryimage\"},\"thumbnailUrl\":\"https:\\\/\\\/www.contarebrincaresocomecar.com.br\\\/loja\\\/wp-content\\\/uploads\\\/2026\\\/01\\\/WhatsApp-Image-2026-03-05-at-21.14.33-3.jpeg\",\"datePublished\":\"2026-01-08T00:09:55+00:00\",\"dateModified\":\"2026-04-10T22:56:51+00:00\",\"breadcrumb\":{\"@id\":\"https:\\\/\\\/www.contarebrincaresocomecar.com.br\\\/loja\\\/produto\\\/bosque-da-amizade-celebrando-a-diversidade\\\/#breadcrumb\"},\"inLanguage\":\"pt-BR\",\"potentialAction\":[{\"@type\":\"ReadAction\",\"target\":[\"https:\\\/\\\/www.contarebrincaresocomecar.com.br\\\/loja\\\/produto\\\/bosque-da-amizade-celebrando-a-diversidade\\\/\"]}]},{\"@type\":\"ImageObject\",\"inLanguage\":\"pt-BR\",\"@id\":\"https:\\\/\\\/www.contarebrincaresocomecar.com.br\\\/loja\\\/produto\\\/bosque-da-amizade-celebrando-a-diversidade\\\/#primaryimage\",\"url\":\"https:\\\/\\\/www.contarebrincaresocomecar.com.br\\\/loja\\\/wp-content\\\/uploads\\\/2026\\\/01\\\/WhatsApp-Image-2026-03-05-at-21.14.33-3.jpeg\",\"contentUrl\":\"https:\\\/\\\/www.contarebrincaresocomecar.com.br\\\/loja\\\/wp-content\\\/uploads\\\/2026\\\/01\\\/WhatsApp-Image-2026-03-05-at-21.14.33-3.jpeg\",\"width\":1024,\"height\":1024},{\"@type\":\"BreadcrumbList\",\"@id\":\"https:\\\/\\\/www.contarebrincaresocomecar.com.br\\\/loja\\\/produto\\\/bosque-da-amizade-celebrando-a-diversidade\\\/#breadcrumb\",\"itemListElement\":[{\"@type\":\"ListItem\",\"position\":1,\"name\":\"In\u00edcio\",\"item\":\"https:\\\/\\\/www.contarebrincaresocomecar.com.br\\\/loja\\\/\"},{\"@type\":\"ListItem\",\"position\":2,\"name\":\"LOJA\",\"item\":\"https:\\\/\\\/www.contarebrincaresocomecar.com.br\\\/loja\\\/\"},{\"@type\":\"ListItem\",\"position\":3,\"name\":\"Bosque da amizade &#8211; Celebrando a diversidade\"}]},{\"@type\":\"WebSite\",\"@id\":\"https:\\\/\\\/www.contarebrincaresocomecar.com.br\\\/loja\\\/#website\",\"url\":\"https:\\\/\\\/www.contarebrincaresocomecar.com.br\\\/loja\\\/\",\"name\":\"Contar e Brincar \u00e9 s\u00f3 Come\u00e7ar\",\"description\":\"\",\"potentialAction\":[{\"@type\":\"SearchAction\",\"target\":{\"@type\":\"EntryPoint\",\"urlTemplate\":\"https:\\\/\\\/www.contarebrincaresocomecar.com.br\\\/loja\\\/?s={search_term_string}\"},\"query-input\":{\"@type\":\"PropertyValueSpecification\",\"valueRequired\":true,\"valueName\":\"search_term_string\"}}],\"inLanguage\":\"pt-BR\"}]}<\/script>\n<!-- \/ Yoast SEO plugin. -->","yoast_head_json":{"title":"Bosque da amizade - Celebrando a diversidade - Contar e Brincar \u00e9 s\u00f3 Come\u00e7ar","robots":{"index":"index","follow":"follow","max-snippet":"max-snippet:-1","max-image-preview":"max-image-preview:large","max-video-preview":"max-video-preview:-1"},"canonical":"https:\/\/www.contarebrincaresocomecar.com.br\/loja\/produto\/bosque-da-amizade-celebrando-a-diversidade\/","og_locale":"pt_BR","og_type":"article","og_title":"Bosque da amizade - Celebrando a diversidade - Contar e Brincar \u00e9 s\u00f3 Come\u00e7ar","og_description":"&nbsp;  Descubra o encantador Bosque da amizade: celebrando a diversidade!  Venha se encantar com uma hist\u00f3ria cheia de magia, amizade e inclus\u00e3o! No cora\u00e7\u00e3o de uma floresta encantada, encontra-se o Bosque da amizade, onde todos os animais, grandes e pequenos, se re\u00fanem para compartilhar momentos especiais.","og_url":"https:\/\/www.contarebrincaresocomecar.com.br\/loja\/produto\/bosque-da-amizade-celebrando-a-diversidade\/","og_site_name":"Contar e Brincar \u00e9 s\u00f3 Come\u00e7ar","article_modified_time":"2026-04-10T22:56:51+00:00","og_image":[{"width":1024,"height":1024,"url":"https:\/\/www.contarebrincaresocomecar.com.br\/loja\/wp-content\/uploads\/2026\/01\/WhatsApp-Image-2026-03-05-at-21.14.33-3.jpeg","type":"image\/jpeg"}],"twitter_card":"summary_large_image","twitter_misc":{"Est. tempo de leitura":"1 minuto"},"schema":{"@context":"https:\/\/schema.org","@graph":[{"@type":"WebPage","@id":"https:\/\/www.contarebrincaresocomecar.com.br\/loja\/produto\/bosque-da-amizade-celebrando-a-diversidade\/","url":"https:\/\/www.contarebrincaresocomecar.com.br\/loja\/produto\/bosque-da-amizade-celebrando-a-diversidade\/","name":"Bosque da amizade - Celebrando a diversidade - Contar e Brincar \u00e9 s\u00f3 Come\u00e7ar","isPartOf":{"@id":"https:\/\/www.contarebrincaresocomecar.com.br\/loja\/#website"},"primaryImageOfPage":{"@id":"https:\/\/www.contarebrincaresocomecar.com.br\/loja\/produto\/bosque-da-amizade-celebrando-a-diversidade\/#primaryimage"},"image":{"@id":"https:\/\/www.contarebrincaresocomecar.com.br\/loja\/produto\/bosque-da-amizade-celebrando-a-diversidade\/#primaryimage"},"thumbnailUrl":"https:\/\/www.contarebrincaresocomecar.com.br\/loja\/wp-content\/uploads\/2026\/01\/WhatsApp-Image-2026-03-05-at-21.14.33-3.jpeg","datePublished":"2026-01-08T00:09:55+00:00","dateModified":"2026-04-10T22:56:51+00:00","breadcrumb":{"@id":"https:\/\/www.contarebrincaresocomecar.com.br\/loja\/produto\/bosque-da-amizade-celebrando-a-diversidade\/#breadcrumb"},"inLanguage":"pt-BR","potentialAction":[{"@type":"ReadAction","target":["https:\/\/www.contarebrincaresocomecar.com.br\/loja\/produto\/bosque-da-amizade-celebrando-a-diversidade\/"]}]},{"@type":"ImageObject","inLanguage":"pt-BR","@id":"https:\/\/www.contarebrincaresocomecar.com.br\/loja\/produto\/bosque-da-amizade-celebrando-a-diversidade\/#primaryimage","url":"https:\/\/www.contarebrincaresocomecar.com.br\/loja\/wp-content\/uploads\/2026\/01\/WhatsApp-Image-2026-03-05-at-21.14.33-3.jpeg","contentUrl":"https:\/\/www.contarebrincaresocomecar.com.br\/loja\/wp-content\/uploads\/2026\/01\/WhatsApp-Image-2026-03-05-at-21.14.33-3.jpeg","width":1024,"height":1024},{"@type":"BreadcrumbList","@id":"https:\/\/www.contarebrincaresocomecar.com.br\/loja\/produto\/bosque-da-amizade-celebrando-a-diversidade\/#breadcrumb","itemListElement":[{"@type":"ListItem","position":1,"name":"In\u00edcio","item":"https:\/\/www.contarebrincaresocomecar.com.br\/loja\/"},{"@type":"ListItem","position":2,"name":"LOJA","item":"https:\/\/www.contarebrincaresocomecar.com.br\/loja\/"},{"@type":"ListItem","position":3,"name":"Bosque da amizade &#8211; Celebrando a diversidade"}]},{"@type":"WebSite","@id":"https:\/\/www.contarebrincaresocomecar.com.br\/loja\/#website","url":"https:\/\/www.contarebrincaresocomecar.com.br\/loja\/","name":"Contar e Brincar \u00e9 s\u00f3 Come\u00e7ar","description":"","potentialAction":[{"@type":"SearchAction","target":{"@type":"EntryPoint","urlTemplate":"https:\/\/www.contarebrincaresocomecar.com.br\/loja\/?s={search_term_string}"},"query-input":{"@type":"PropertyValueSpecification","valueRequired":true,"valueName":"search_term_string"}}],"inLanguage":"pt-BR"}]}},"_links":{"self":[{"href":"https:\/\/www.contarebrincaresocomecar.com.br\/loja\/wp-json\/wp\/v2\/product\/16042","targetHints":{"allow":["GET"]}}],"collection":[{"href":"https:\/\/www.contarebrincaresocomecar.com.br\/loja\/wp-json\/wp\/v2\/product"}],"about":[{"href":"https:\/\/www.contarebrincaresocomecar.com.br\/loja\/wp-json\/wp\/v2\/types\/product"}],"version-history":[{"count":4,"href":"https:\/\/www.contarebrincaresocomecar.com.br\/loja\/wp-json\/wp\/v2\/product\/16042\/revisions"}],"predecessor-version":[{"id":16121,"href":"https:\/\/www.contarebrincaresocomecar.com.br\/loja\/wp-json\/wp\/v2\/product\/16042\/revisions\/16121"}],"wp:featuredmedia":[{"embeddable":true,"href":"https:\/\/www.contarebrincaresocomecar.com.br\/loja\/wp-json\/wp\/v2\/media\/16105"}],"wp:attachment":[{"href":"https:\/\/www.contarebrincaresocomecar.com.br\/loja\/wp-json\/wp\/v2\/media?parent=16042"}],"wp:term":[{"taxonomy":"product_brand","embeddable":true,"href":"https:\/\/www.contarebrincaresocomecar.com.br\/loja\/wp-json\/wp\/v2\/product_brand?post=16042"},{"taxonomy":"product_cat","embeddable":true,"href":"https:\/\/www.contarebrincaresocomecar.com.br\/loja\/wp-json\/wp\/v2\/product_cat?post=16042"},{"taxonomy":"product_tag","embeddable":true,"href":"https:\/\/www.contarebrincaresocomecar.com.br\/loja\/wp-json\/wp\/v2\/product_tag?post=16042"}],"curies":[{"name":"wp","href":"https:\/\/api.w.org\/{rel}","templated":true}]}}