{"id":16090,"date":"2026-02-28T08:23:40","date_gmt":"2026-02-28T11:23:40","guid":{"rendered":"https:\/\/www.contarebrincaresocomecar.com.br\/loja\/?post_type=product&#038;p=16090"},"modified":"2026-03-05T21:24:11","modified_gmt":"2026-03-06T00:24:11","slug":"o-tamandua-que-queria-ser-leitor","status":"publish","type":"product","link":"https:\/\/www.contarebrincaresocomecar.com.br\/loja\/produto\/o-tamandua-que-queria-ser-leitor\/","title":{"rendered":"O Tamandu\u00e1 leitor"},"content":{"rendered":"<p>&nbsp;<\/p>\n<p>\ud83d\udcda Descri\u00e7\u00e3o do livro \u2013 O Tamandu\u00e1 Leitor<\/p>\n<p>\u201cToto \u00e9 um tamandu\u00e1 muito especial. Diferente dos outros, que usam a l\u00edngua para pegar formigas, ele sonha em us\u00e1-la para virar p\u00e1ginas e descobrir o m\u00e1gico mundo das palavras. Mas h\u00e1 um desafio: tamandu\u00e1s n\u00e3o t\u00eam polegares\u2026 e aprender a ler parece quase imposs\u00edvel.<\/p>\n<p>Entre tentativas divertidas, momentos de supera\u00e7\u00e3o e a ajuda da s\u00e1bia coruja Dona Ol\u00edvia, Toto aprende que a vontade de aprender \u00e9 mais forte que qualquer dificuldade.<\/p>\n<p>O Tamandu\u00e1 Leitor \u00e9 uma hist\u00f3ria emocionante e inspiradora que mostra o poder da persist\u00eancia, o valor da leitura e como os sonhos podem transformar vidas. Um convite encantador para crian\u00e7as e adultos acreditarem que, com determina\u00e7\u00e3o, tudo \u00e9 poss\u00edvel.\u201d<\/p>\n<p>&nbsp;<\/p>\n","protected":false},"excerpt":{"rendered":"<p>&nbsp; \ud83d\udcda Descri\u00e7\u00e3o do livro \u2013 O Tamandu\u00e1 Leitor \u201cToto \u00e9 um tamandu\u00e1 muito especial. Diferente dos outros, que usam<\/p>\n","protected":false},"featured_media":16100,"template":"","meta":[],"product_brand":[],"product_cat":[20],"product_tag":[92,93,91],"class_list":{"0":"post-16090","1":"product","2":"type-product","3":"status-publish","4":"has-post-thumbnail","6":"product_cat-e-books","7":"product_tag-educacao","8":"product_tag-inclusao-superacao","9":"product_tag-livros-livros-infantis-criancas","11":"first","12":"instock","13":"downloadable","14":"shipping-taxable","15":"purchasable","16":"product-type-simple"},"yoast_head":"<!-- This site is optimized with the Yoast SEO plugin v27.4 - https:\/\/yoast.com\/product\/yoast-seo-wordpress\/ -->\n<title>O Tamandu\u00e1 leitor - Contar e Brincar \u00e9 s\u00f3 Come\u00e7ar<\/title>\n<meta name=\"robots\" content=\"index, follow, max-snippet:-1, max-image-preview:large, max-video-preview:-1\" \/>\n<link rel=\"canonical\" href=\"https:\/\/www.contarebrincaresocomecar.com.br\/loja\/produto\/o-tamandua-que-queria-ser-leitor\/\" \/>\n<meta property=\"og:locale\" content=\"pt_BR\" \/>\n<meta property=\"og:type\" content=\"article\" \/>\n<meta property=\"og:title\" content=\"O Tamandu\u00e1 leitor - Contar e Brincar \u00e9 s\u00f3 Come\u00e7ar\" \/>\n<meta property=\"og:description\" content=\"&nbsp; \ud83d\udcda Descri\u00e7\u00e3o do livro \u2013 O Tamandu\u00e1 Leitor \u201cToto \u00e9 um tamandu\u00e1 muito especial. Diferente dos outros, que usam\" \/>\n<meta property=\"og:url\" content=\"https:\/\/www.contarebrincaresocomecar.com.br\/loja\/produto\/o-tamandua-que-queria-ser-leitor\/\" \/>\n<meta property=\"og:site_name\" content=\"Contar e Brincar \u00e9 s\u00f3 Come\u00e7ar\" \/>\n<meta property=\"article:modified_time\" content=\"2026-03-06T00:24:11+00:00\" \/>\n<meta property=\"og:image\" content=\"https:\/\/www.contarebrincaresocomecar.com.br\/loja\/wp-content\/uploads\/2026\/02\/WhatsApp-Image-2026-03-05-at-21.14.32.jpeg\" \/>\n\t<meta property=\"og:image:width\" content=\"1024\" \/>\n\t<meta property=\"og:image:height\" content=\"1024\" \/>\n\t<meta property=\"og:image:type\" content=\"image\/jpeg\" \/>\n<meta name=\"twitter:card\" content=\"summary_large_image\" \/>\n<meta name=\"twitter:label1\" content=\"Est. tempo de leitura\" \/>\n\t<meta name=\"twitter:data1\" content=\"1 minuto\" \/>\n<script type=\"application\/ld+json\" class=\"yoast-schema-graph\">{\"@context\":\"https:\\\/\\\/schema.org\",\"@graph\":[{\"@type\":\"WebPage\",\"@id\":\"https:\\\/\\\/www.contarebrincaresocomecar.com.br\\\/loja\\\/produto\\\/o-tamandua-que-queria-ser-leitor\\\/\",\"url\":\"https:\\\/\\\/www.contarebrincaresocomecar.com.br\\\/loja\\\/produto\\\/o-tamandua-que-queria-ser-leitor\\\/\",\"name\":\"O Tamandu\u00e1 leitor - Contar e Brincar \u00e9 s\u00f3 Come\u00e7ar\",\"isPartOf\":{\"@id\":\"https:\\\/\\\/www.contarebrincaresocomecar.com.br\\\/loja\\\/#website\"},\"primaryImageOfPage\":{\"@id\":\"https:\\\/\\\/www.contarebrincaresocomecar.com.br\\\/loja\\\/produto\\\/o-tamandua-que-queria-ser-leitor\\\/#primaryimage\"},\"image\":{\"@id\":\"https:\\\/\\\/www.contarebrincaresocomecar.com.br\\\/loja\\\/produto\\\/o-tamandua-que-queria-ser-leitor\\\/#primaryimage\"},\"thumbnailUrl\":\"https:\\\/\\\/www.contarebrincaresocomecar.com.br\\\/loja\\\/wp-content\\\/uploads\\\/2026\\\/02\\\/WhatsApp-Image-2026-03-05-at-21.14.32.jpeg\",\"datePublished\":\"2026-02-28T11:23:40+00:00\",\"dateModified\":\"2026-03-06T00:24:11+00:00\",\"breadcrumb\":{\"@id\":\"https:\\\/\\\/www.contarebrincaresocomecar.com.br\\\/loja\\\/produto\\\/o-tamandua-que-queria-ser-leitor\\\/#breadcrumb\"},\"inLanguage\":\"pt-BR\",\"potentialAction\":[{\"@type\":\"ReadAction\",\"target\":[\"https:\\\/\\\/www.contarebrincaresocomecar.com.br\\\/loja\\\/produto\\\/o-tamandua-que-queria-ser-leitor\\\/\"]}]},{\"@type\":\"ImageObject\",\"inLanguage\":\"pt-BR\",\"@id\":\"https:\\\/\\\/www.contarebrincaresocomecar.com.br\\\/loja\\\/produto\\\/o-tamandua-que-queria-ser-leitor\\\/#primaryimage\",\"url\":\"https:\\\/\\\/www.contarebrincaresocomecar.com.br\\\/loja\\\/wp-content\\\/uploads\\\/2026\\\/02\\\/WhatsApp-Image-2026-03-05-at-21.14.32.jpeg\",\"contentUrl\":\"https:\\\/\\\/www.contarebrincaresocomecar.com.br\\\/loja\\\/wp-content\\\/uploads\\\/2026\\\/02\\\/WhatsApp-Image-2026-03-05-at-21.14.32.jpeg\",\"width\":1024,\"height\":1024},{\"@type\":\"BreadcrumbList\",\"@id\":\"https:\\\/\\\/www.contarebrincaresocomecar.com.br\\\/loja\\\/produto\\\/o-tamandua-que-queria-ser-leitor\\\/#breadcrumb\",\"itemListElement\":[{\"@type\":\"ListItem\",\"position\":1,\"name\":\"In\u00edcio\",\"item\":\"https:\\\/\\\/www.contarebrincaresocomecar.com.br\\\/loja\\\/\"},{\"@type\":\"ListItem\",\"position\":2,\"name\":\"LOJA\",\"item\":\"https:\\\/\\\/www.contarebrincaresocomecar.com.br\\\/loja\\\/\"},{\"@type\":\"ListItem\",\"position\":3,\"name\":\"O Tamandu\u00e1 leitor\"}]},{\"@type\":\"WebSite\",\"@id\":\"https:\\\/\\\/www.contarebrincaresocomecar.com.br\\\/loja\\\/#website\",\"url\":\"https:\\\/\\\/www.contarebrincaresocomecar.com.br\\\/loja\\\/\",\"name\":\"Contar e Brincar \u00e9 s\u00f3 Come\u00e7ar\",\"description\":\"\",\"potentialAction\":[{\"@type\":\"SearchAction\",\"target\":{\"@type\":\"EntryPoint\",\"urlTemplate\":\"https:\\\/\\\/www.contarebrincaresocomecar.com.br\\\/loja\\\/?s={search_term_string}\"},\"query-input\":{\"@type\":\"PropertyValueSpecification\",\"valueRequired\":true,\"valueName\":\"search_term_string\"}}],\"inLanguage\":\"pt-BR\"}]}<\/script>\n<!-- \/ Yoast SEO plugin. -->","yoast_head_json":{"title":"O Tamandu\u00e1 leitor - Contar e Brincar \u00e9 s\u00f3 Come\u00e7ar","robots":{"index":"index","follow":"follow","max-snippet":"max-snippet:-1","max-image-preview":"max-image-preview:large","max-video-preview":"max-video-preview:-1"},"canonical":"https:\/\/www.contarebrincaresocomecar.com.br\/loja\/produto\/o-tamandua-que-queria-ser-leitor\/","og_locale":"pt_BR","og_type":"article","og_title":"O Tamandu\u00e1 leitor - Contar e Brincar \u00e9 s\u00f3 Come\u00e7ar","og_description":"&nbsp; \ud83d\udcda Descri\u00e7\u00e3o do livro \u2013 O Tamandu\u00e1 Leitor \u201cToto \u00e9 um tamandu\u00e1 muito especial. Diferente dos outros, que usam","og_url":"https:\/\/www.contarebrincaresocomecar.com.br\/loja\/produto\/o-tamandua-que-queria-ser-leitor\/","og_site_name":"Contar e Brincar \u00e9 s\u00f3 Come\u00e7ar","article_modified_time":"2026-03-06T00:24:11+00:00","og_image":[{"width":1024,"height":1024,"url":"https:\/\/www.contarebrincaresocomecar.com.br\/loja\/wp-content\/uploads\/2026\/02\/WhatsApp-Image-2026-03-05-at-21.14.32.jpeg","type":"image\/jpeg"}],"twitter_card":"summary_large_image","twitter_misc":{"Est. tempo de leitura":"1 minuto"},"schema":{"@context":"https:\/\/schema.org","@graph":[{"@type":"WebPage","@id":"https:\/\/www.contarebrincaresocomecar.com.br\/loja\/produto\/o-tamandua-que-queria-ser-leitor\/","url":"https:\/\/www.contarebrincaresocomecar.com.br\/loja\/produto\/o-tamandua-que-queria-ser-leitor\/","name":"O Tamandu\u00e1 leitor - Contar e Brincar \u00e9 s\u00f3 Come\u00e7ar","isPartOf":{"@id":"https:\/\/www.contarebrincaresocomecar.com.br\/loja\/#website"},"primaryImageOfPage":{"@id":"https:\/\/www.contarebrincaresocomecar.com.br\/loja\/produto\/o-tamandua-que-queria-ser-leitor\/#primaryimage"},"image":{"@id":"https:\/\/www.contarebrincaresocomecar.com.br\/loja\/produto\/o-tamandua-que-queria-ser-leitor\/#primaryimage"},"thumbnailUrl":"https:\/\/www.contarebrincaresocomecar.com.br\/loja\/wp-content\/uploads\/2026\/02\/WhatsApp-Image-2026-03-05-at-21.14.32.jpeg","datePublished":"2026-02-28T11:23:40+00:00","dateModified":"2026-03-06T00:24:11+00:00","breadcrumb":{"@id":"https:\/\/www.contarebrincaresocomecar.com.br\/loja\/produto\/o-tamandua-que-queria-ser-leitor\/#breadcrumb"},"inLanguage":"pt-BR","potentialAction":[{"@type":"ReadAction","target":["https:\/\/www.contarebrincaresocomecar.com.br\/loja\/produto\/o-tamandua-que-queria-ser-leitor\/"]}]},{"@type":"ImageObject","inLanguage":"pt-BR","@id":"https:\/\/www.contarebrincaresocomecar.com.br\/loja\/produto\/o-tamandua-que-queria-ser-leitor\/#primaryimage","url":"https:\/\/www.contarebrincaresocomecar.com.br\/loja\/wp-content\/uploads\/2026\/02\/WhatsApp-Image-2026-03-05-at-21.14.32.jpeg","contentUrl":"https:\/\/www.contarebrincaresocomecar.com.br\/loja\/wp-content\/uploads\/2026\/02\/WhatsApp-Image-2026-03-05-at-21.14.32.jpeg","width":1024,"height":1024},{"@type":"BreadcrumbList","@id":"https:\/\/www.contarebrincaresocomecar.com.br\/loja\/produto\/o-tamandua-que-queria-ser-leitor\/#breadcrumb","itemListElement":[{"@type":"ListItem","position":1,"name":"In\u00edcio","item":"https:\/\/www.contarebrincaresocomecar.com.br\/loja\/"},{"@type":"ListItem","position":2,"name":"LOJA","item":"https:\/\/www.contarebrincaresocomecar.com.br\/loja\/"},{"@type":"ListItem","position":3,"name":"O Tamandu\u00e1 leitor"}]},{"@type":"WebSite","@id":"https:\/\/www.contarebrincaresocomecar.com.br\/loja\/#website","url":"https:\/\/www.contarebrincaresocomecar.com.br\/loja\/","name":"Contar e Brincar \u00e9 s\u00f3 Come\u00e7ar","description":"","potentialAction":[{"@type":"SearchAction","target":{"@type":"EntryPoint","urlTemplate":"https:\/\/www.contarebrincaresocomecar.com.br\/loja\/?s={search_term_string}"},"query-input":{"@type":"PropertyValueSpecification","valueRequired":true,"valueName":"search_term_string"}}],"inLanguage":"pt-BR"}]}},"_links":{"self":[{"href":"https:\/\/www.contarebrincaresocomecar.com.br\/loja\/wp-json\/wp\/v2\/product\/16090","targetHints":{"allow":["GET"]}}],"collection":[{"href":"https:\/\/www.contarebrincaresocomecar.com.br\/loja\/wp-json\/wp\/v2\/product"}],"about":[{"href":"https:\/\/www.contarebrincaresocomecar.com.br\/loja\/wp-json\/wp\/v2\/types\/product"}],"version-history":[{"count":2,"href":"https:\/\/www.contarebrincaresocomecar.com.br\/loja\/wp-json\/wp\/v2\/product\/16090\/revisions"}],"predecessor-version":[{"id":16099,"href":"https:\/\/www.contarebrincaresocomecar.com.br\/loja\/wp-json\/wp\/v2\/product\/16090\/revisions\/16099"}],"wp:featuredmedia":[{"embeddable":true,"href":"https:\/\/www.contarebrincaresocomecar.com.br\/loja\/wp-json\/wp\/v2\/media\/16100"}],"wp:attachment":[{"href":"https:\/\/www.contarebrincaresocomecar.com.br\/loja\/wp-json\/wp\/v2\/media?parent=16090"}],"wp:term":[{"taxonomy":"product_brand","embeddable":true,"href":"https:\/\/www.contarebrincaresocomecar.com.br\/loja\/wp-json\/wp\/v2\/product_brand?post=16090"},{"taxonomy":"product_cat","embeddable":true,"href":"https:\/\/www.contarebrincaresocomecar.com.br\/loja\/wp-json\/wp\/v2\/product_cat?post=16090"},{"taxonomy":"product_tag","embeddable":true,"href":"https:\/\/www.contarebrincaresocomecar.com.br\/loja\/wp-json\/wp\/v2\/product_tag?post=16090"}],"curies":[{"name":"wp","href":"https:\/\/api.w.org\/{rel}","templated":true}]}}