{"id":16118,"date":"2026-04-10T19:40:37","date_gmt":"2026-04-10T22:40:37","guid":{"rendered":"https:\/\/www.contarebrincaresocomecar.com.br\/loja\/?post_type=product&#038;p=16118"},"modified":"2026-04-10T19:40:38","modified_gmt":"2026-04-10T22:40:38","slug":"as-aventuras-da-vovo-amada-livro","status":"publish","type":"product","link":"https:\/\/www.contarebrincaresocomecar.com.br\/loja\/produto\/as-aventuras-da-vovo-amada-livro\/","title":{"rendered":"As aventuras da vov\u00f3 Amada &#8211; livro"},"content":{"rendered":"<p>Na Casa de Repouso Sol Nascente, quem ilumina os dias n\u00e3o \u00e9 apenas o sol l\u00e1 fora: \u00e9 a Vov\u00f3 Amada!<\/p>\n<p>Com seu sorriso contagiante, seus cabelos brancos cheios de hist\u00f3rias e uma energia que parece inesgot\u00e1vel, ela transforma qualquer momento simples em uma grande celebra\u00e7\u00e3o.<\/p>\n<p>Entre dan\u00e7as improvisadas, desfiles de moda divertidos, rodas de conversa cheias de afeto e brincadeiras que animam at\u00e9 os mais t\u00edmidos, a Vov\u00f3 Amada mostra que alegria n\u00e3o tem idade. Sua presen\u00e7a \u00e9 como um abra\u00e7o quente: acalma, inspira e enche o cora\u00e7\u00e3o de todos ao redor.<\/p>\n<p>Nesta hist\u00f3ria cheia de humor, carinho e encantamento, crian\u00e7as e adultos s\u00e3o convidados a descobrir o poder da amizade, da imagina\u00e7\u00e3o e de viver cada dia com o brilho de um novo sol nascendo.<\/p>\n","protected":false},"excerpt":{"rendered":"<p>Na Casa de Repouso Sol Nascente, quem ilumina os dias n\u00e3o \u00e9 apenas o sol l\u00e1 fora: \u00e9 a Vov\u00f3<\/p>\n","protected":false},"featured_media":16110,"template":"","meta":[],"product_brand":[],"product_cat":[90],"product_tag":[96,94,95],"class_list":{"0":"post-16118","1":"product","2":"type-product","3":"status-publish","4":"has-post-thumbnail","6":"product_cat-livros","7":"product_tag-amor","8":"product_tag-diversidade","9":"product_tag-respeito","11":"first","12":"instock","13":"shipping-taxable","14":"purchasable","15":"product-type-simple"},"yoast_head":"<!-- This site is optimized with the Yoast SEO plugin v27.4 - https:\/\/yoast.com\/product\/yoast-seo-wordpress\/ -->\n<title>As aventuras da vov\u00f3 Amada - livro - Contar e Brincar \u00e9 s\u00f3 Come\u00e7ar<\/title>\n<meta name=\"robots\" content=\"index, follow, max-snippet:-1, max-image-preview:large, max-video-preview:-1\" \/>\n<link rel=\"canonical\" href=\"https:\/\/www.contarebrincaresocomecar.com.br\/loja\/produto\/as-aventuras-da-vovo-amada-livro\/\" \/>\n<meta property=\"og:locale\" content=\"pt_BR\" \/>\n<meta property=\"og:type\" content=\"article\" \/>\n<meta property=\"og:title\" content=\"As aventuras da vov\u00f3 Amada - livro - Contar e Brincar \u00e9 s\u00f3 Come\u00e7ar\" \/>\n<meta property=\"og:description\" content=\"Na Casa de Repouso Sol Nascente, quem ilumina os dias n\u00e3o \u00e9 apenas o sol l\u00e1 fora: \u00e9 a Vov\u00f3\" \/>\n<meta property=\"og:url\" content=\"https:\/\/www.contarebrincaresocomecar.com.br\/loja\/produto\/as-aventuras-da-vovo-amada-livro\/\" \/>\n<meta property=\"og:site_name\" content=\"Contar e Brincar \u00e9 s\u00f3 Come\u00e7ar\" \/>\n<meta property=\"article:modified_time\" content=\"2026-04-10T22:40:38+00:00\" \/>\n<meta property=\"og:image\" content=\"https:\/\/www.contarebrincaresocomecar.com.br\/loja\/wp-content\/uploads\/2026\/01\/WhatsApp-Image-2026-03-05-at-21.14.33-5.jpeg\" \/>\n\t<meta property=\"og:image:width\" content=\"1024\" \/>\n\t<meta property=\"og:image:height\" content=\"1024\" \/>\n\t<meta property=\"og:image:type\" content=\"image\/jpeg\" \/>\n<meta name=\"twitter:card\" content=\"summary_large_image\" \/>\n<meta name=\"twitter:label1\" content=\"Est. tempo de leitura\" \/>\n\t<meta name=\"twitter:data1\" content=\"1 minuto\" \/>\n<script type=\"application\/ld+json\" class=\"yoast-schema-graph\">{\"@context\":\"https:\\\/\\\/schema.org\",\"@graph\":[{\"@type\":\"WebPage\",\"@id\":\"https:\\\/\\\/www.contarebrincaresocomecar.com.br\\\/loja\\\/produto\\\/as-aventuras-da-vovo-amada-livro\\\/\",\"url\":\"https:\\\/\\\/www.contarebrincaresocomecar.com.br\\\/loja\\\/produto\\\/as-aventuras-da-vovo-amada-livro\\\/\",\"name\":\"As aventuras da vov\u00f3 Amada - livro - Contar e Brincar \u00e9 s\u00f3 Come\u00e7ar\",\"isPartOf\":{\"@id\":\"https:\\\/\\\/www.contarebrincaresocomecar.com.br\\\/loja\\\/#website\"},\"primaryImageOfPage\":{\"@id\":\"https:\\\/\\\/www.contarebrincaresocomecar.com.br\\\/loja\\\/produto\\\/as-aventuras-da-vovo-amada-livro\\\/#primaryimage\"},\"image\":{\"@id\":\"https:\\\/\\\/www.contarebrincaresocomecar.com.br\\\/loja\\\/produto\\\/as-aventuras-da-vovo-amada-livro\\\/#primaryimage\"},\"thumbnailUrl\":\"https:\\\/\\\/www.contarebrincaresocomecar.com.br\\\/loja\\\/wp-content\\\/uploads\\\/2026\\\/01\\\/WhatsApp-Image-2026-03-05-at-21.14.33-5.jpeg\",\"datePublished\":\"2026-04-10T22:40:37+00:00\",\"dateModified\":\"2026-04-10T22:40:38+00:00\",\"breadcrumb\":{\"@id\":\"https:\\\/\\\/www.contarebrincaresocomecar.com.br\\\/loja\\\/produto\\\/as-aventuras-da-vovo-amada-livro\\\/#breadcrumb\"},\"inLanguage\":\"pt-BR\",\"potentialAction\":[{\"@type\":\"ReadAction\",\"target\":[\"https:\\\/\\\/www.contarebrincaresocomecar.com.br\\\/loja\\\/produto\\\/as-aventuras-da-vovo-amada-livro\\\/\"]}]},{\"@type\":\"ImageObject\",\"inLanguage\":\"pt-BR\",\"@id\":\"https:\\\/\\\/www.contarebrincaresocomecar.com.br\\\/loja\\\/produto\\\/as-aventuras-da-vovo-amada-livro\\\/#primaryimage\",\"url\":\"https:\\\/\\\/www.contarebrincaresocomecar.com.br\\\/loja\\\/wp-content\\\/uploads\\\/2026\\\/01\\\/WhatsApp-Image-2026-03-05-at-21.14.33-5.jpeg\",\"contentUrl\":\"https:\\\/\\\/www.contarebrincaresocomecar.com.br\\\/loja\\\/wp-content\\\/uploads\\\/2026\\\/01\\\/WhatsApp-Image-2026-03-05-at-21.14.33-5.jpeg\",\"width\":1024,\"height\":1024},{\"@type\":\"BreadcrumbList\",\"@id\":\"https:\\\/\\\/www.contarebrincaresocomecar.com.br\\\/loja\\\/produto\\\/as-aventuras-da-vovo-amada-livro\\\/#breadcrumb\",\"itemListElement\":[{\"@type\":\"ListItem\",\"position\":1,\"name\":\"In\u00edcio\",\"item\":\"https:\\\/\\\/www.contarebrincaresocomecar.com.br\\\/loja\\\/\"},{\"@type\":\"ListItem\",\"position\":2,\"name\":\"LOJA\",\"item\":\"https:\\\/\\\/www.contarebrincaresocomecar.com.br\\\/loja\\\/\"},{\"@type\":\"ListItem\",\"position\":3,\"name\":\"As aventuras da vov\u00f3 Amada &#8211; livro\"}]},{\"@type\":\"WebSite\",\"@id\":\"https:\\\/\\\/www.contarebrincaresocomecar.com.br\\\/loja\\\/#website\",\"url\":\"https:\\\/\\\/www.contarebrincaresocomecar.com.br\\\/loja\\\/\",\"name\":\"Contar e Brincar \u00e9 s\u00f3 Come\u00e7ar\",\"description\":\"\",\"potentialAction\":[{\"@type\":\"SearchAction\",\"target\":{\"@type\":\"EntryPoint\",\"urlTemplate\":\"https:\\\/\\\/www.contarebrincaresocomecar.com.br\\\/loja\\\/?s={search_term_string}\"},\"query-input\":{\"@type\":\"PropertyValueSpecification\",\"valueRequired\":true,\"valueName\":\"search_term_string\"}}],\"inLanguage\":\"pt-BR\"}]}<\/script>\n<!-- \/ Yoast SEO plugin. -->","yoast_head_json":{"title":"As aventuras da vov\u00f3 Amada - livro - Contar e Brincar \u00e9 s\u00f3 Come\u00e7ar","robots":{"index":"index","follow":"follow","max-snippet":"max-snippet:-1","max-image-preview":"max-image-preview:large","max-video-preview":"max-video-preview:-1"},"canonical":"https:\/\/www.contarebrincaresocomecar.com.br\/loja\/produto\/as-aventuras-da-vovo-amada-livro\/","og_locale":"pt_BR","og_type":"article","og_title":"As aventuras da vov\u00f3 Amada - livro - Contar e Brincar \u00e9 s\u00f3 Come\u00e7ar","og_description":"Na Casa de Repouso Sol Nascente, quem ilumina os dias n\u00e3o \u00e9 apenas o sol l\u00e1 fora: \u00e9 a Vov\u00f3","og_url":"https:\/\/www.contarebrincaresocomecar.com.br\/loja\/produto\/as-aventuras-da-vovo-amada-livro\/","og_site_name":"Contar e Brincar \u00e9 s\u00f3 Come\u00e7ar","article_modified_time":"2026-04-10T22:40:38+00:00","og_image":[{"width":1024,"height":1024,"url":"https:\/\/www.contarebrincaresocomecar.com.br\/loja\/wp-content\/uploads\/2026\/01\/WhatsApp-Image-2026-03-05-at-21.14.33-5.jpeg","type":"image\/jpeg"}],"twitter_card":"summary_large_image","twitter_misc":{"Est. tempo de leitura":"1 minuto"},"schema":{"@context":"https:\/\/schema.org","@graph":[{"@type":"WebPage","@id":"https:\/\/www.contarebrincaresocomecar.com.br\/loja\/produto\/as-aventuras-da-vovo-amada-livro\/","url":"https:\/\/www.contarebrincaresocomecar.com.br\/loja\/produto\/as-aventuras-da-vovo-amada-livro\/","name":"As aventuras da vov\u00f3 Amada - livro - Contar e Brincar \u00e9 s\u00f3 Come\u00e7ar","isPartOf":{"@id":"https:\/\/www.contarebrincaresocomecar.com.br\/loja\/#website"},"primaryImageOfPage":{"@id":"https:\/\/www.contarebrincaresocomecar.com.br\/loja\/produto\/as-aventuras-da-vovo-amada-livro\/#primaryimage"},"image":{"@id":"https:\/\/www.contarebrincaresocomecar.com.br\/loja\/produto\/as-aventuras-da-vovo-amada-livro\/#primaryimage"},"thumbnailUrl":"https:\/\/www.contarebrincaresocomecar.com.br\/loja\/wp-content\/uploads\/2026\/01\/WhatsApp-Image-2026-03-05-at-21.14.33-5.jpeg","datePublished":"2026-04-10T22:40:37+00:00","dateModified":"2026-04-10T22:40:38+00:00","breadcrumb":{"@id":"https:\/\/www.contarebrincaresocomecar.com.br\/loja\/produto\/as-aventuras-da-vovo-amada-livro\/#breadcrumb"},"inLanguage":"pt-BR","potentialAction":[{"@type":"ReadAction","target":["https:\/\/www.contarebrincaresocomecar.com.br\/loja\/produto\/as-aventuras-da-vovo-amada-livro\/"]}]},{"@type":"ImageObject","inLanguage":"pt-BR","@id":"https:\/\/www.contarebrincaresocomecar.com.br\/loja\/produto\/as-aventuras-da-vovo-amada-livro\/#primaryimage","url":"https:\/\/www.contarebrincaresocomecar.com.br\/loja\/wp-content\/uploads\/2026\/01\/WhatsApp-Image-2026-03-05-at-21.14.33-5.jpeg","contentUrl":"https:\/\/www.contarebrincaresocomecar.com.br\/loja\/wp-content\/uploads\/2026\/01\/WhatsApp-Image-2026-03-05-at-21.14.33-5.jpeg","width":1024,"height":1024},{"@type":"BreadcrumbList","@id":"https:\/\/www.contarebrincaresocomecar.com.br\/loja\/produto\/as-aventuras-da-vovo-amada-livro\/#breadcrumb","itemListElement":[{"@type":"ListItem","position":1,"name":"In\u00edcio","item":"https:\/\/www.contarebrincaresocomecar.com.br\/loja\/"},{"@type":"ListItem","position":2,"name":"LOJA","item":"https:\/\/www.contarebrincaresocomecar.com.br\/loja\/"},{"@type":"ListItem","position":3,"name":"As aventuras da vov\u00f3 Amada &#8211; livro"}]},{"@type":"WebSite","@id":"https:\/\/www.contarebrincaresocomecar.com.br\/loja\/#website","url":"https:\/\/www.contarebrincaresocomecar.com.br\/loja\/","name":"Contar e Brincar \u00e9 s\u00f3 Come\u00e7ar","description":"","potentialAction":[{"@type":"SearchAction","target":{"@type":"EntryPoint","urlTemplate":"https:\/\/www.contarebrincaresocomecar.com.br\/loja\/?s={search_term_string}"},"query-input":{"@type":"PropertyValueSpecification","valueRequired":true,"valueName":"search_term_string"}}],"inLanguage":"pt-BR"}]}},"_links":{"self":[{"href":"https:\/\/www.contarebrincaresocomecar.com.br\/loja\/wp-json\/wp\/v2\/product\/16118","targetHints":{"allow":["GET"]}}],"collection":[{"href":"https:\/\/www.contarebrincaresocomecar.com.br\/loja\/wp-json\/wp\/v2\/product"}],"about":[{"href":"https:\/\/www.contarebrincaresocomecar.com.br\/loja\/wp-json\/wp\/v2\/types\/product"}],"version-history":[{"count":2,"href":"https:\/\/www.contarebrincaresocomecar.com.br\/loja\/wp-json\/wp\/v2\/product\/16118\/revisions"}],"predecessor-version":[{"id":16120,"href":"https:\/\/www.contarebrincaresocomecar.com.br\/loja\/wp-json\/wp\/v2\/product\/16118\/revisions\/16120"}],"wp:featuredmedia":[{"embeddable":true,"href":"https:\/\/www.contarebrincaresocomecar.com.br\/loja\/wp-json\/wp\/v2\/media\/16110"}],"wp:attachment":[{"href":"https:\/\/www.contarebrincaresocomecar.com.br\/loja\/wp-json\/wp\/v2\/media?parent=16118"}],"wp:term":[{"taxonomy":"product_brand","embeddable":true,"href":"https:\/\/www.contarebrincaresocomecar.com.br\/loja\/wp-json\/wp\/v2\/product_brand?post=16118"},{"taxonomy":"product_cat","embeddable":true,"href":"https:\/\/www.contarebrincaresocomecar.com.br\/loja\/wp-json\/wp\/v2\/product_cat?post=16118"},{"taxonomy":"product_tag","embeddable":true,"href":"https:\/\/www.contarebrincaresocomecar.com.br\/loja\/wp-json\/wp\/v2\/product_tag?post=16118"}],"curies":[{"name":"wp","href":"https:\/\/api.w.org\/{rel}","templated":true}]}}